{"id":663,"date":"2017-08-15T14:21:51","date_gmt":"2017-08-15T12:21:51","guid":{"rendered":"https:\/\/fecreate.com\/solutions\/"},"modified":"2023-03-28T13:39:11","modified_gmt":"2023-03-28T11:39:11","slug":"produkter","status":"publish","type":"page","link":"https:\/\/fecreate.com\/no\/produkter\/","title":{"rendered":"Produkter &#038; L\u00f8sninger"},"content":{"rendered":"<p>[et_pb_section fb_built=&raquo;1&#8243; _builder_version=&raquo;4.16&#8243; global_colors_info=&raquo;{}&raquo;][et_pb_row _builder_version=&raquo;4.16&#8243; background_size=&raquo;initial&raquo; background_position=&raquo;top_left&raquo; background_repeat=&raquo;repeat&raquo; global_colors_info=&raquo;{}&raquo;][et_pb_column type=&raquo;4_4&#8243; _builder_version=&raquo;4.16&#8243; custom_padding=&raquo;|||&raquo; global_colors_info=&raquo;{}&raquo; custom_padding__hover=&raquo;|||&raquo;][et_pb_text admin_label=&raquo;PRODUKTER &#038; L\u00d8SNINGER&raquo; _builder_version=&raquo;4.16&#8243; background_size=&raquo;initial&raquo; background_position=&raquo;top_left&raquo; background_repeat=&raquo;repeat&raquo; use_border_color=&raquo;off&raquo; global_colors_info=&raquo;{}&raquo;]<\/p>\n<h1><strong>PRODUKTER &amp; L\u00d8SNINGER<\/strong><\/h1>\n<h4>Vi leverer mekatronikkl\u00f8sninger basert p\u00e5 elektrisk kraft<\/h4>\n<p>[\/et_pb_text][\/et_pb_column][\/et_pb_row][\/et_pb_section][et_pb_section fb_built=&raquo;1&#8243; _builder_version=&raquo;4.16&#8243; use_background_color_gradient=&raquo;on&raquo; background_color_gradient_stops=&raquo;#ffffff 0%|#7f919f 100%&raquo; background_color_gradient_start=&raquo;#ffffff&raquo; background_color_gradient_end=&raquo;#7f919f&raquo; global_colors_info=&raquo;{}&raquo;][et_pb_row module_class=&raquo; et_pb_row_fullwidth&raquo; _builder_version=&raquo;4.16&#8243; width=&raquo;89%&raquo; width_tablet=&raquo;80%&raquo; width_last_edited=&raquo;on|desktop&raquo; max_width=&raquo;89%&raquo; max_width_tablet=&raquo;80%&raquo; max_width_last_edited=&raquo;on|desktop&raquo; make_fullwidth=&raquo;on&raquo; global_colors_info=&raquo;{}&raquo; column_structure=&raquo;1_2,1_2&#8243; width_phone=&raquo;80%&raquo; max_width_phone=&raquo;80%&raquo;][et_pb_column type=&raquo;1_2&#8243; _builder_version=&raquo;4.16&#8243; custom_padding=&raquo;|||&raquo; global_colors_info=&raquo;{}&raquo; custom_padding__hover=&raquo;|||&raquo;][et_pb_text admin_label=&raquo;Elektromotor med integrert inverter&raquo; _builder_version=&raquo;4.16&#8243; header_2_font_size=&raquo;36px&raquo; background_size=&raquo;initial&raquo; background_position=&raquo;top_left&raquo; background_repeat=&raquo;repeat&raquo; custom_padding=&raquo;30%|||&raquo; custom_padding_tablet=&raquo;&raquo; custom_padding_phone=&raquo;&raquo; custom_padding_last_edited=&raquo;on|phone&raquo; use_border_color=&raquo;off&raquo; global_colors_info=&raquo;{}&raquo;]<\/p>\n<h2>Elektromotor med integrert inverter<\/h2>\n<p>[\/et_pb_text][et_pb_text admin_label=&raquo;Tekst&#8230;&raquo; _builder_version=&raquo;4.16&#8243; background_size=&raquo;initial&raquo; background_position=&raquo;top_left&raquo; background_repeat=&raquo;repeat&raquo; use_border_color=&raquo;off&raquo; global_colors_info=&raquo;{}&raquo;]Flekkefjord Elektro AS har patents\u00f8kt en elektromotor med integrert inverter. V\u00e5r nye h\u00f8yeffektive og kompakte elektromotor er en viktig del av v\u00e5rt konsept med elektrisk vinsj med ultrakompakt drivverk for krevende dynamikk som vi utvikler.<br \/>\n[\/et_pb_text][\/et_pb_column][et_pb_column type=&raquo;1_2&#8243; _builder_version=&raquo;4.16&#8243; custom_padding=&raquo;|||&raquo; global_colors_info=&raquo;{}&raquo; custom_padding__hover=&raquo;|||&raquo;][et_pb_image src=&raquo;https:\/\/fecreate.com\/wp-content\/uploads\/2018\/04\/motor_aapen.png&raquo; align_tablet=&raquo;center&raquo; align_last_edited=&raquo;on|desktop&raquo; _builder_version=&raquo;4.16&#8243; global_colors_info=&raquo;{}&raquo; align_phone=&raquo;center&raquo;][\/et_pb_image][\/et_pb_column][\/et_pb_row][\/et_pb_section][et_pb_section fb_built=&raquo;1&#8243; _builder_version=&raquo;4.16&#8243; use_background_color_gradient=&raquo;on&raquo; background_color_gradient_stops=&raquo;#f8f9fb 9%|#7992a0 100%&raquo; background_color_gradient_start=&raquo;#f8f9fb&raquo; background_color_gradient_start_position=&raquo;9%&raquo; background_color_gradient_end=&raquo;#7992a0&#8243; global_colors_info=&raquo;{}&raquo;][et_pb_row module_class=&raquo; et_pb_row_fullwidth&raquo; _builder_version=&raquo;4.16&#8243; width=&raquo;89%&raquo; width_tablet=&raquo;80%&raquo; width_last_edited=&raquo;on|desktop&raquo; max_width=&raquo;89%&raquo; max_width_tablet=&raquo;80%&raquo; max_width_last_edited=&raquo;on|desktop&raquo; make_fullwidth=&raquo;on&raquo; global_colors_info=&raquo;{}&raquo; column_structure=&raquo;1_2,1_2&#8243; width_phone=&raquo;80%&raquo; max_width_phone=&raquo;80%&raquo;][et_pb_column type=&raquo;1_2&#8243; _builder_version=&raquo;4.16&#8243; custom_padding=&raquo;|||&raquo; global_colors_info=&raquo;{}&raquo; custom_padding__hover=&raquo;|||&raquo;][et_pb_image src=&raquo;https:\/\/fecreate.com\/wp-content\/uploads\/2018\/04\/vinsj22.png&raquo; align_tablet=&raquo;center&raquo; align_last_edited=&raquo;on|desktop&raquo; _builder_version=&raquo;4.16&#8243; always_center_on_mobile=&raquo;on&raquo; global_colors_info=&raquo;{}&raquo; align_phone=&raquo;center&raquo;][\/et_pb_image][\/et_pb_column][et_pb_column type=&raquo;1_2&#8243; _builder_version=&raquo;4.16&#8243; custom_padding=&raquo;|||&raquo; global_colors_info=&raquo;{}&raquo; custom_padding__hover=&raquo;|||&raquo;][et_pb_text admin_label=&raquo;Kompakt elektrisk vinsj&raquo; _builder_version=&raquo;4.16&#8243; header_2_font_size=&raquo;36px&raquo; background_size=&raquo;initial&raquo; background_position=&raquo;top_left&raquo; background_repeat=&raquo;repeat&raquo; custom_padding=&raquo;30%|||&raquo; custom_padding_tablet=&raquo;&raquo; custom_padding_phone=&raquo;&raquo; custom_padding_last_edited=&raquo;on|phone&raquo; use_border_color=&raquo;off&raquo; global_colors_info=&raquo;{}&raquo;]<\/p>\n<h2>Kompakt elektrisk vinsj<\/h2>\n<p>[\/et_pb_text][\/et_pb_column][\/et_pb_row][\/et_pb_section][et_pb_section fb_built=&raquo;1&#8243; _builder_version=&raquo;4.16&#8243; global_colors_info=&raquo;{}&raquo;][et_pb_row _builder_version=&raquo;4.16&#8243; background_size=&raquo;initial&raquo; background_position=&raquo;top_left&raquo; background_repeat=&raquo;repeat&raquo; global_colors_info=&raquo;{}&raquo; column_structure=&raquo;2_3,1_3&#8243;][et_pb_column type=&raquo;2_3&#8243; _builder_version=&raquo;4.16&#8243; custom_padding=&raquo;|||&raquo; global_colors_info=&raquo;{}&raquo; custom_padding__hover=&raquo;|||&raquo;][et_pb_text _builder_version=&raquo;4.16&#8243; global_colors_info=&raquo;{}&raquo;]Mechatronics Innovation Lab (MIL) er en viktig del av Universitetet i Agder sin visjon om \u00e5 bli et globalt h\u00f8ykompetanse senter for mekatronikk og nye materialer. FE create har signert en kontrakt med MIL p\u00e5 Universitetet i Agder (Grimstad) p\u00e5 \u00e5 levere en kompakt elektrisk vinsj som blir bli brukt for testing hos MIL.<br \/>\n[\/et_pb_text][\/et_pb_column][et_pb_column type=&raquo;1_3&#8243; _builder_version=&raquo;4.16&#8243; custom_padding=&raquo;|||&raquo; global_colors_info=&raquo;{}&raquo; custom_padding__hover=&raquo;|||&raquo;][et_pb_image src=&raquo;https:\/\/fecreate.com\/wp-content\/uploads\/2018\/04\/mil.jpg&raquo; align_tablet=&raquo;center&raquo; align_last_edited=&raquo;on|desktop&raquo; _builder_version=&raquo;4.16&#8243; global_colors_info=&raquo;{}&raquo; align_phone=&raquo;center&raquo;][\/et_pb_image][et_pb_button button_url=&raquo;http:\/\/www.mil-as.no\/&raquo; url_new_window=&raquo;on&raquo; button_text=&raquo;Bli kjent med MIL p\u00e5 mil-as.no&raquo; _builder_version=&raquo;4.16&#8243; global_colors_info=&raquo;{}&raquo; button_text_size__hover_enabled=&raquo;off&raquo; button_one_text_size__hover_enabled=&raquo;off&raquo; button_two_text_size__hover_enabled=&raquo;off&raquo; button_text_color__hover_enabled=&raquo;off&raquo; button_one_text_color__hover_enabled=&raquo;off&raquo; button_two_text_color__hover_enabled=&raquo;off&raquo; button_border_width__hover_enabled=&raquo;off&raquo; button_one_border_width__hover_enabled=&raquo;off&raquo; button_two_border_width__hover_enabled=&raquo;off&raquo; button_border_color__hover_enabled=&raquo;off&raquo; button_one_border_color__hover_enabled=&raquo;off&raquo; button_two_border_color__hover_enabled=&raquo;off&raquo; button_border_radius__hover_enabled=&raquo;off&raquo; button_one_border_radius__hover_enabled=&raquo;off&raquo; button_two_border_radius__hover_enabled=&raquo;off&raquo; button_letter_spacing__hover_enabled=&raquo;off&raquo; button_one_letter_spacing__hover_enabled=&raquo;off&raquo; button_two_letter_spacing__hover_enabled=&raquo;off&raquo; button_bg_color__hover_enabled=&raquo;off&raquo; button_one_bg_color__hover_enabled=&raquo;off&raquo; button_two_bg_color__hover_enabled=&raquo;off&raquo;][\/et_pb_button][\/et_pb_column][\/et_pb_row][\/et_pb_section][et_pb_section fb_built=&raquo;1&#8243; _builder_version=&raquo;4.16&#8243; global_colors_info=&raquo;{}&raquo;][et_pb_row _builder_version=&raquo;4.16&#8243; background_size=&raquo;initial&raquo; background_position=&raquo;top_left&raquo; background_repeat=&raquo;repeat&raquo; global_colors_info=&raquo;{}&raquo; column_structure=&raquo;2_3,1_3&#8243;][et_pb_column type=&raquo;2_3&#8243; _builder_version=&raquo;4.16&#8243; custom_padding=&raquo;|||&raquo; global_colors_info=&raquo;{}&raquo; custom_padding__hover=&raquo;|||&raquo;][et_pb_text admin_label=&raquo;H\u00f8ydevindkraft&raquo; _builder_version=&raquo;4.16&#8243; global_colors_info=&raquo;{}&raquo;]<\/p>\n<h2>H\u00f8ydevindkraft<\/h2>\n<p>[\/et_pb_text][et_pb_text _builder_version=&raquo;4.16&#8243; saved_tabs=&raquo;all&raquo; global_colors_info=&raquo;{}&raquo;]Elektriske energieffektive vinsjer for h\u00f8ydevindkraft med elektronikk og girsystem som er tilpasset krevende dynamikk. Vinsjen spoler sent ut med h\u00f8yt moment n\u00e5r den produserer energi med hjelp av en line festet til en avansert kite som trekkraft oppe i luften. Kiten flyr i en sirkel p\u00e5 tvers av vindretningen og bygger opp en l\u00f8ftekraft i linen til AWE-vinsjen (Airborne Wind Energy). For \u00e5 produsere energi, blir linen bremset ut med en hastighet p\u00e5 1\/3 av vindens hastighet. Kiten flyr da i en heliks og bremser opp vinden som treffer det store arealet den dekker. N\u00e5r kiten oppn\u00e5r maks h\u00f8yde, skal den raskt ned igjen for \u00e5 posisjonere seg til nytt energiproduksjonsforl\u00f8p. N\u00e5r kiten skal trekkes tilbake endres angrepsvinkel og arealet som bremser mot vinden er n\u00e6rmest ubetydelig. Vi kan da trekke kiten tilbake mange ganger raskere enn vi produserer ut. Vinsjen m\u00e5 da spole inn med h\u00f8y fart. En kite-turbin produserer energi 90% av tiden, resterende 10 % av tiden trekker den kiten tilbake.<br \/>\n[\/et_pb_text][\/et_pb_column][et_pb_column type=&raquo;1_3&#8243; _builder_version=&raquo;4.16&#8243; custom_padding=&raquo;|||&raquo; global_colors_info=&raquo;{}&raquo; custom_padding__hover=&raquo;|||&raquo;][et_pb_image src=&raquo;https:\/\/fecreate.com\/wp-content\/uploads\/2018\/04\/kitemill.png&raquo; align_tablet=&raquo;center&raquo; align_last_edited=&raquo;on|desktop&raquo; _builder_version=&raquo;4.16&#8243; global_colors_info=&raquo;{}&raquo; align_phone=&raquo;center&raquo;][\/et_pb_image][et_pb_button button_url=&raquo;http:\/\/kitemill.no\/&raquo; url_new_window=&raquo;on&raquo; button_text=&raquo;Mer informasjon p\u00e5 kitemill.no&raquo; _builder_version=&raquo;4.16&#8243; global_colors_info=&raquo;{}&raquo; button_text_size__hover_enabled=&raquo;off&raquo; button_one_text_size__hover_enabled=&raquo;off&raquo; button_two_text_size__hover_enabled=&raquo;off&raquo; button_text_color__hover_enabled=&raquo;off&raquo; button_one_text_color__hover_enabled=&raquo;off&raquo; button_two_text_color__hover_enabled=&raquo;off&raquo; button_border_width__hover_enabled=&raquo;off&raquo; button_one_border_width__hover_enabled=&raquo;off&raquo; button_two_border_width__hover_enabled=&raquo;off&raquo; button_border_color__hover_enabled=&raquo;off&raquo; button_one_border_color__hover_enabled=&raquo;off&raquo; button_two_border_color__hover_enabled=&raquo;off&raquo; button_border_radius__hover_enabled=&raquo;off&raquo; button_one_border_radius__hover_enabled=&raquo;off&raquo; button_two_border_radius__hover_enabled=&raquo;off&raquo; button_letter_spacing__hover_enabled=&raquo;off&raquo; button_one_letter_spacing__hover_enabled=&raquo;off&raquo; button_two_letter_spacing__hover_enabled=&raquo;off&raquo; button_bg_color__hover_enabled=&raquo;off&raquo; button_one_bg_color__hover_enabled=&raquo;off&raquo; button_two_bg_color__hover_enabled=&raquo;off&raquo;][\/et_pb_button][\/et_pb_column][\/et_pb_row][\/et_pb_section][et_pb_section fb_built=&raquo;1&#8243; _builder_version=&raquo;4.16&#8243; global_colors_info=&raquo;{}&raquo;][et_pb_row _builder_version=&raquo;4.16&#8243; background_size=&raquo;initial&raquo; background_position=&raquo;top_left&raquo; background_repeat=&raquo;repeat&raquo; global_colors_info=&raquo;{}&raquo;][et_pb_column type=&raquo;4_4&#8243; _builder_version=&raquo;4.16&#8243; custom_padding=&raquo;|||&raquo; global_colors_info=&raquo;{}&raquo; custom_padding__hover=&raquo;|||&raquo;][et_pb_text admin_label=&raquo;Motorer til fremdriftssystemer&raquo; _builder_version=&raquo;4.16&#8243; global_colors_info=&raquo;{}&raquo;]<\/p>\n<h2>Motorer til fremdriftssystemer<\/h2>\n<p>[\/et_pb_text][et_pb_text _builder_version=&raquo;4.16&#8243; global_colors_info=&raquo;{}&raquo;]Vi kan levere elektromotorer til flere anvendelser som for eksempel fremdriftsmotorer til elektrifiserte og hybride b\u00e5ter. FEcreate sin kompakte permanentmagnet elektromotor med integrert omformer basert p\u00e5 nyeste Silisiumkarbid halvlederteknologi har meget god virkningsgrad. Motoren forsynes med 800-1000VDC. Den integrerte omformeren er 2-veis\/regenerativ og motoren kan derfor brukes som b\u00e5de motor og generator. L\u00f8sningen er meget vektbesparende og den passer perfekt til b\u00e5ter med DC-nett, men kan ogs\u00e5 leveres med 2-veis omformer\/likeretter for 440V eller 690V AC-nett. Motorserien med diameter p\u00e5 400mm leveres med effekt fra 30kW og oppover til 125kW. Med videre testing og utvikling forventer vi \u00e5 kunne levere 400mm motor opp til 250kW.<br \/>\n[\/et_pb_text][\/et_pb_column][\/et_pb_row][\/et_pb_section][et_pb_section fb_built=&raquo;1&#8243; admin_label=&raquo;section&raquo; _builder_version=&raquo;4.16&#8243; background_color=&raquo;#ced5db&raquo; global_colors_info=&raquo;{}&raquo;][et_pb_row _builder_version=&raquo;4.16&#8243; background_size=&raquo;initial&raquo; background_position=&raquo;top_left&raquo; background_repeat=&raquo;repeat&raquo; global_colors_info=&raquo;{}&raquo;][et_pb_column type=&raquo;4_4&#8243; _builder_version=&raquo;4.16&#8243; custom_padding=&raquo;|||&raquo; global_colors_info=&raquo;{}&raquo; custom_padding__hover=&raquo;|||&raquo;][et_pb_text admin_label=&raquo;Andre produkter og l\u00f8sninger&raquo; _builder_version=&raquo;4.16&#8243; background_size=&raquo;initial&raquo; background_position=&raquo;top_left&raquo; background_repeat=&raquo;repeat&raquo; use_border_color=&raquo;off&raquo; global_colors_info=&raquo;{}&raquo;]<\/p>\n<h2>Andre produkter og l\u00f8sninger<\/h2>\n<p>[\/et_pb_text][et_pb_text _builder_version=&raquo;4.16&#8243; background_size=&raquo;initial&raquo; background_position=&raquo;top_left&raquo; background_repeat=&raquo;repeat&raquo; use_border_color=&raquo;off&raquo; global_colors_info=&raquo;{}&raquo;]<\/p>\n<ul>\n<li>Tilpassing og optimalisering<\/li>\n<li>Mekanisk konstruksjon og modellering<\/li>\n<li>Elektroingeni\u00f8rarbeid og automatisering<\/li>\n<li>Design av elektronikk og programvare<\/li>\n<li>Integrerte og innebygde l\u00f8sninger<\/li>\n<\/ul>\n<p>&nbsp;<br \/>\n[\/et_pb_text][\/et_pb_column][\/et_pb_row][\/et_pb_section]<\/p>\n","protected":false},"excerpt":{"rendered":"<p>PRODUKTER &amp; L\u00d8SNINGER Vi leverer mekatronikkl\u00f8sninger basert p\u00e5 elektrisk kraft Elektromotor med integrert inverter Flekkefjord Elektro AS har patents\u00f8kt en elektromotor med integrert inverter. V\u00e5r nye h\u00f8yeffektive og kompakte elektromotor er en viktig del av v\u00e5rt konsept med elektrisk vinsj med ultrakompakt drivverk for krevende dynamikk som vi utvikler. Kompakt elektrisk vinsj Mechatronics Innovation Lab [&hellip;]<\/p>\n","protected":false},"author":1,"featured_media":0,"parent":0,"menu_order":0,"comment_status":"closed","ping_status":"closed","template":"","meta":{"_et_pb_use_builder":"on","_et_pb_old_content":"","_et_gb_content_width":"","footnotes":""},"_links":{"self":[{"href":"https:\/\/fecreate.com\/no\/wp-json\/wp\/v2\/pages\/663"}],"collection":[{"href":"https:\/\/fecreate.com\/no\/wp-json\/wp\/v2\/pages"}],"about":[{"href":"https:\/\/fecreate.com\/no\/wp-json\/wp\/v2\/types\/page"}],"author":[{"embeddable":true,"href":"https:\/\/fecreate.com\/no\/wp-json\/wp\/v2\/users\/1"}],"replies":[{"embeddable":true,"href":"https:\/\/fecreate.com\/no\/wp-json\/wp\/v2\/comments?post=663"}],"version-history":[{"count":15,"href":"https:\/\/fecreate.com\/no\/wp-json\/wp\/v2\/pages\/663\/revisions"}],"predecessor-version":[{"id":1287,"href":"https:\/\/fecreate.com\/no\/wp-json\/wp\/v2\/pages\/663\/revisions\/1287"}],"wp:attachment":[{"href":"https:\/\/fecreate.com\/no\/wp-json\/wp\/v2\/media?parent=663"}],"curies":[{"name":"wp","href":"https:\/\/api.w.org\/{rel}","templated":true}]}}