{"id":541,"date":"2017-05-23T09:37:12","date_gmt":"2017-05-23T07:37:12","guid":{"rendered":"https:\/\/fecreate.com\/rd\/"},"modified":"2018-08-20T13:42:28","modified_gmt":"2018-08-20T11:42:28","slug":"fou","status":"publish","type":"page","link":"https:\/\/fecreate.com\/no\/fou\/","title":{"rendered":"Forskning &#038; Utvikling"},"content":{"rendered":"<p>[et_pb_section bb_built=&raquo;1&#8243; background_color=&raquo;rgba(255,255,255,0)&raquo; _builder_version=&raquo;3.0.47&#8243; custom_padding=&raquo;||0px|&raquo; transparent_background=&raquo;on&raquo; next_background_color=&raquo;#444444&#8243;][et_pb_row _builder_version=&raquo;3.0.47&#8243; background_size=&raquo;initial&raquo; background_position=&raquo;top_left&raquo; background_repeat=&raquo;repeat&raquo;][et_pb_column type=&raquo;4_4&#8243;][et_pb_text admin_label=&raquo;Research &amp; Development&raquo; _builder_version=&raquo;3.0.106&#8243; background_size=&raquo;initial&raquo; background_position=&raquo;top_left&raquo; background_repeat=&raquo;repeat&raquo; use_border_color=&raquo;off&raquo;]<\/p>\n<h1><strong>FORSKNING &amp; UTVIKLING<\/strong><\/h1>\n<p>[\/et_pb_text][\/et_pb_column][\/et_pb_row][et_pb_row parallax_method_1=&raquo;off&raquo; _builder_version=&raquo;3.0.47&#8243; background_size=&raquo;initial&raquo; background_position=&raquo;top_left&raquo; background_repeat=&raquo;repeat&raquo;][et_pb_column type=&raquo;4_4&#8243;][et_pb_text admin_label=&raquo;Project: Electric winch with ultra compact drivetrain for demanding dynamics&raquo; _builder_version=&raquo;3.0.47&#8243; background_size=&raquo;initial&raquo; background_position=&raquo;top_left&raquo; background_repeat=&raquo;repeat&raquo; use_border_color=&raquo;off&raquo; border_color=&raquo;#ffffff&raquo; border_style=&raquo;solid&raquo;]<\/p>\n<h2>Prosjekt: Elektrisk vinsj med ultrakompakt drivlinje for krevende dynamikk<\/h2>\n<p>[\/et_pb_text][et_pb_text _builder_version=&raquo;3.0.106&#8243; background_size=&raquo;initial&raquo; background_position=&raquo;top_left&raquo; background_repeat=&raquo;repeat&raquo; use_border_color=&raquo;off&raquo; background_layout=&raquo;light&raquo;]<\/p>\n<p>I et stadig mer krevende marked, er Norsk industri avhengig av at det utvikles h\u00f8yteknologiske produkter. En enring fra timekrevende produksjon til teknologikrevende produksjon vil gi Norske skipsverft \u00f8kt konkurransekraft. Hovedm\u00e5let er \u00e5 utvikle en ultrakompakt elektrisk vinsj med integrerte systemet. En slik vinsj vil ha mange fordeler som bl.a. h\u00f8yere effektivitet, plassbesparelse og enkel installasjon. I samarbeid med Semcon Devotek har vi utviklet et konsept som i dette prosjektet vil bli utviklet til en skalamodell for testing hos Mechatronic Innovation Lag p\u00e5 Universitetet i Agder (Grimstad).<\/p>\n<p>[\/et_pb_text][\/et_pb_column][\/et_pb_row][\/et_pb_section][et_pb_section bb_built=&raquo;1&#8243; admin_label=&raquo;section&raquo; background_color=&raquo;#444444&#8243; _builder_version=&raquo;3.0.47&#8243; transparent_background=&raquo;off&raquo; prev_background_color=&raquo;rgba(255,255,255,0)&raquo; next_background_color=&raquo;#ffffff&raquo;][et_pb_row _builder_version=&raquo;3.0.47&#8243; background_size=&raquo;initial&raquo; background_position=&raquo;top_left&raquo; background_repeat=&raquo;repeat&raquo;][et_pb_column type=&raquo;4_4&#8243;][et_pb_text admin_label=&raquo;Watch our introduction video&raquo; background_layout=&raquo;dark&raquo; _builder_version=&raquo;3.0.47&#8243; background_size=&raquo;initial&raquo; background_position=&raquo;top_left&raquo; background_repeat=&raquo;repeat&raquo; use_border_color=&raquo;off&raquo; border_color=&raquo;#ffffff&raquo; border_style=&raquo;solid&raquo;]<\/p>\n<h2>Se v\u00e5r introduksjonsvideo for dette prosjektet<\/h2>\n<p>[\/et_pb_text][\/et_pb_column][\/et_pb_row][et_pb_row _builder_version=&raquo;3.0.47&#8243; background_size=&raquo;initial&raquo; background_position=&raquo;top_left&raquo; background_repeat=&raquo;repeat&raquo;][et_pb_column type=&raquo;2_3&#8243;][et_pb_video src=&raquo;https:\/\/vimeo.com\/237715013&#8243; image_src=&raquo;\/\/i.vimeocdn.com\/video\/636108196_960.jpg&raquo; play_icon_color=&raquo;#00fa32&#8243; _builder_version=&raquo;3.0.47&#8243;]<\/p>\n<p>&nbsp;<\/p>\n<p>[\/et_pb_video][\/et_pb_column][et_pb_column type=&raquo;1_3&#8243;][et_pb_text background_layout=&raquo;dark&raquo; _builder_version=&raquo;3.0.47&#8243; background_size=&raquo;initial&raquo; background_position=&raquo;top_left&raquo; background_repeat=&raquo;repeat&raquo; use_border_color=&raquo;off&raquo; border_color=&raquo;#ffffff&raquo; border_style=&raquo;solid&raquo;]<\/p>\n<p>For at en vinsj med elektrisk drivverk skal v\u00e6re i stand til \u00e5 h\u00e5ndtere store krefter ombord p\u00e5 et skip, samtidig som det er krevende dynamikk i laster, m\u00e5 det bl.a. etableres ny kunnskap om:<\/p>\n<p><strong>Hvordan sikrer man tilstrekkelig reaksjonstid i styringssystemet?<\/strong><\/p>\n<p><strong>Hvordan kan en slik kort reaksjonstid overf\u00f8res gjennom \u00f8vrig mekanikk og system s\u00e5 l\u00f8sningen takler krefter og hastigheter som kreves uten desktruktive krefter?<\/strong><\/p>\n<p>[\/et_pb_text][\/et_pb_column][\/et_pb_row][\/et_pb_section][et_pb_section bb_built=&raquo;1&#8243; _builder_version=&raquo;3.0.47&#8243; prev_background_color=&raquo;#444444&#8243; next_background_color=&raquo;#000000&#8243;][et_pb_row _builder_version=&raquo;3.0.47&#8243; background_size=&raquo;initial&raquo; background_position=&raquo;top_left&raquo; background_repeat=&raquo;repeat&raquo;][et_pb_column type=&raquo;4_4&#8243;][et_pb_text _builder_version=&raquo;3.0.106&#8243; background_size=&raquo;initial&raquo; background_position=&raquo;top_left&raquo; background_repeat=&raquo;repeat&raquo; use_border_color=&raquo;off&raquo;]<\/p>\n<p>Vi ser denne innovasjonen som en revolusjon som vil fornye vinsj-industrien og som skaper grunnlag for etablering av ny produksjon og nye forretningsmuligheter. Prosjektet er i f\u00f8rste fase, i neste fase, og som et nytt prosjekt, vil vi arbeide sammen med en vinsjprodusent for \u00e5 utf\u00f8re et fullskala prosjekt. Rederier og skipseiere som tar i bruk v\u00e5r nye teknologi vil se fordeler i teknologien ved plass- og energibesparelser. Plassbesparelser er en god mulighet for \u00e5 ogs\u00e5 tenke nytt innen skipsdesign.<\/p>\n<p>[\/et_pb_text][\/et_pb_column][\/et_pb_row][\/et_pb_section][et_pb_section bb_built=&raquo;1&#8243; fullwidth=&raquo;on&raquo; _builder_version=&raquo;3.0.47&#8243; prev_background_color=&raquo;#000000&#8243; next_background_color=&raquo;#000000&#8243;][et_pb_fullwidth_header title=&raquo;FEcreate idemyldrings-tre&raquo; background_layout=&raquo;dark&raquo; _builder_version=&raquo;3.0.106&#8243; background_color=&raquo;#003263&#8243; header_fullscreen=&raquo;off&raquo; header_scroll_down=&raquo;off&raquo; image_orientation=&raquo;center&raquo; content_orientation=&raquo;center&raquo; custom_button_two=&raquo;off&raquo; button_two_icon_placement=&raquo;right&raquo; custom_button_one=&raquo;off&raquo; button_one_icon_placement=&raquo;right&raquo; \/][et_pb_fullwidth_image src=&raquo;https:\/\/fecreate.com\/wp-content\/uploads\/2018\/04\/bilde.jpg&raquo; _builder_version=&raquo;3.0.106&#8243;]<\/p>\n<p>&nbsp;<\/p>\n<p>[\/et_pb_fullwidth_image][\/et_pb_section][et_pb_section bb_built=&raquo;1&#8243; _builder_version=&raquo;3.0.47&#8243; prev_background_color=&raquo;#000000&#8243;][et_pb_row _builder_version=&raquo;3.0.47&#8243; background_size=&raquo;initial&raquo; background_position=&raquo;top_left&raquo; background_repeat=&raquo;repeat&raquo;][et_pb_column type=&raquo;4_4&#8243;][et_pb_text admin_label=&raquo;Public funding partners&raquo; _builder_version=&raquo;3.0.106&#8243;]<\/p>\n<h2><strong>Offentlige finansieringspartnere<\/strong><\/h2>\n<p>[\/et_pb_text][\/et_pb_column][\/et_pb_row][et_pb_row _builder_version=&raquo;3.0.47&#8243; background_size=&raquo;initial&raquo; background_position=&raquo;top_left&raquo; background_repeat=&raquo;repeat&raquo;][et_pb_column type=&raquo;1_3&#8243;][et_pb_image admin_label=&raquo;Forskningsr\u00e5det&raquo; src=&raquo;https:\/\/fecreate.com\/wp-content\/uploads\/2018\/04\/partner-forskningsraadet.jpg&raquo; url=&raquo;https:\/\/www.forskningsradet.no\/&raquo; url_new_window=&raquo;on&raquo; _builder_version=&raquo;3.0.106&#8243;]<\/p>\n<p>&nbsp;<\/p>\n<p>[\/et_pb_image][\/et_pb_column][et_pb_column type=&raquo;1_3&#8243;][et_pb_image admin_label=&raquo;Skattefunn&raquo; src=&raquo;https:\/\/fecreate.com\/wp-content\/uploads\/2018\/04\/partner-skattefunn.jpg&raquo; url=&raquo;https:\/\/www.skattefunn.no\/&raquo; url_new_window=&raquo;on&raquo; _builder_version=&raquo;3.0.106&#8243;]<\/p>\n<p>&nbsp;<\/p>\n<p>[\/et_pb_image][\/et_pb_column][et_pb_column type=&raquo;1_3&#8243;][et_pb_image admin_label=&raquo;Regionalt forkning agder&raquo; src=&raquo;https:\/\/fecreate.com\/wp-content\/uploads\/2018\/04\/partner-rff.jpg&raquo; url=&raquo;https:\/\/www.forskningsradet.no\/servlet\/web\/prognett-agder\/Forside\/1253953779726&#8243; url_new_window=&raquo;on&raquo; _builder_version=&raquo;3.0.106&#8243;]<\/p>\n<p>&nbsp;<\/p>\n<p>[\/et_pb_image][\/et_pb_column][\/et_pb_row][et_pb_row _builder_version=&raquo;3.0.47&#8243; background_size=&raquo;initial&raquo; background_position=&raquo;top_left&raquo; background_repeat=&raquo;repeat&raquo;][et_pb_column type=&raquo;1_3&#8243;][et_pb_image admin_label=&raquo;s\u00f8rlandets kompetansefond&raquo; src=&raquo;https:\/\/fecreate.com\/wp-content\/uploads\/2018\/04\/partner-sff.jpg&raquo; url=&raquo;http:\/\/www.kompetansefond.no\/&raquo; url_new_window=&raquo;on&raquo; _builder_version=&raquo;3.0.106&#8243;]<\/p>\n<p>&nbsp;<\/p>\n<p>[\/et_pb_image][\/et_pb_column][et_pb_column type=&raquo;1_3&#8243;][et_pb_image admin_label=&raquo;Innovasjon norge&raquo; src=&raquo;https:\/\/fecreate.com\/wp-content\/uploads\/2018\/04\/partner-in.jpg&raquo; url=&raquo;http:\/\/www.innovasjonnorge.no\/&raquo; url_new_window=&raquo;on&raquo; _builder_version=&raquo;3.0.106&#8243;]<\/p>\n<p>&nbsp;<\/p>\n<p>[\/et_pb_image][\/et_pb_column][et_pb_column type=&raquo;1_3&#8243;][et_pb_image admin_label=&raquo;Lister Nyskaping&raquo; src=&raquo;https:\/\/fecreate.com\/wp-content\/uploads\/2018\/08\/ln.jpg&raquo; url=&raquo;http:\/\/www.listernyskaping.no\/&raquo; url_new_window=&raquo;on&raquo; _builder_version=&raquo;3.11.1&#8243;]<\/p>\n<p>&nbsp;<\/p>\n<p>[\/et_pb_image][\/et_pb_column][\/et_pb_row][\/et_pb_section]<\/p>\n","protected":false},"excerpt":{"rendered":"<p>FORSKNING &amp; UTVIKLING Prosjekt: Elektrisk vinsj med ultrakompakt drivlinje for krevende dynamikk I et stadig mer krevende marked, er Norsk industri avhengig av at det utvikles h\u00f8yteknologiske produkter. En enring fra timekrevende produksjon til teknologikrevende produksjon vil gi Norske skipsverft \u00f8kt konkurransekraft. Hovedm\u00e5let er \u00e5 utvikle en ultrakompakt elektrisk vinsj med integrerte systemet. En slik [&hellip;]<\/p>\n","protected":false},"author":1,"featured_media":0,"parent":0,"menu_order":0,"comment_status":"closed","ping_status":"closed","template":"","meta":{"_et_pb_use_builder":"on","_et_pb_old_content":"","_et_gb_content_width":"","footnotes":""},"_links":{"self":[{"href":"https:\/\/fecreate.com\/no\/wp-json\/wp\/v2\/pages\/541"}],"collection":[{"href":"https:\/\/fecreate.com\/no\/wp-json\/wp\/v2\/pages"}],"about":[{"href":"https:\/\/fecreate.com\/no\/wp-json\/wp\/v2\/types\/page"}],"author":[{"embeddable":true,"href":"https:\/\/fecreate.com\/no\/wp-json\/wp\/v2\/users\/1"}],"replies":[{"embeddable":true,"href":"https:\/\/fecreate.com\/no\/wp-json\/wp\/v2\/comments?post=541"}],"version-history":[{"count":5,"href":"https:\/\/fecreate.com\/no\/wp-json\/wp\/v2\/pages\/541\/revisions"}],"predecessor-version":[{"id":1165,"href":"https:\/\/fecreate.com\/no\/wp-json\/wp\/v2\/pages\/541\/revisions\/1165"}],"wp:attachment":[{"href":"https:\/\/fecreate.com\/no\/wp-json\/wp\/v2\/media?parent=541"}],"curies":[{"name":"wp","href":"https:\/\/api.w.org\/{rel}","templated":true}]}}