{"id":456,"date":"2017-05-23T09:37:22","date_gmt":"2017-05-23T07:37:22","guid":{"rendered":"https:\/\/fecreate.com\/career\/"},"modified":"2018-04-10T13:07:49","modified_gmt":"2018-04-10T11:07:49","slug":"karriere","status":"publish","type":"page","link":"https:\/\/fecreate.com\/no\/kontakt\/karriere\/","title":{"rendered":"Karriere"},"content":{"rendered":"<p>[et_pb_section fb_built=&raquo;1&#8243; fullwidth=&raquo;on&raquo; _builder_version=&raquo;3.0.47&#8243;][et_pb_fullwidth_image src=&raquo;https:\/\/fecreate.com\/wp-content\/uploads\/2017\/05\/folk.jpg&raquo; _builder_version=&raquo;3.0.47&#8243; animation_style=&raquo;slide&raquo; animation_direction=&raquo;left&raquo; animation_duration=&raquo;500ms&raquo; animation_intensity_slide=&raquo;10%&raquo; use_border_color=&raquo;off&raquo; border_color=&raquo;#ffffff&raquo; border_style=&raquo;solid&raquo; animation=&raquo;left&raquo;][\/et_pb_fullwidth_image][\/et_pb_section][et_pb_section fb_built=&raquo;1&#8243; _builder_version=&raquo;3.0.47&#8243;][et_pb_row _builder_version=&raquo;3.0.47&#8243; background_size=&raquo;initial&raquo; background_position=&raquo;top_left&raquo; background_repeat=&raquo;repeat&raquo;][et_pb_column type=&raquo;4_4&#8243; _builder_version=&raquo;3.0.47&#8243; parallax=&raquo;off&raquo; parallax_method=&raquo;on&raquo;][et_pb_text admin_label=&raquo;KARRIERE I FEcreate&raquo; _builder_version=&raquo;3.0.106&#8243; background_size=&raquo;initial&raquo; background_position=&raquo;top_left&raquo; background_repeat=&raquo;repeat&raquo; use_border_color=&raquo;off&raquo;]<\/p>\n<h1><strong>KARRIERE I FEcreate<\/strong><\/h1>\n<p>[\/et_pb_text][\/et_pb_column][\/et_pb_row][et_pb_row _builder_version=&raquo;3.0.47&#8243; background_size=&raquo;initial&raquo; background_position=&raquo;top_left&raquo; background_repeat=&raquo;repeat&raquo;][et_pb_column type=&raquo;1_3&#8243; _builder_version=&raquo;3.0.47&#8243; parallax=&raquo;off&raquo; parallax_method=&raquo;on&raquo;][et_pb_text _builder_version=&raquo;3.0.106&#8243; background_size=&raquo;initial&raquo; background_position=&raquo;top_left&raquo; background_repeat=&raquo;repeat&raquo; use_border_color=&raquo;off&raquo;]<\/p>\n<p>Vi er alltid p\u00e5 jakt etter den beste kompetansen og de flinkeste menneskene for \u00e5 skape innovasjon i prosjektene. Hvis du synes det vi holder p\u00e5 med er interessant &#8211; og tror du kan bidra, send oss gjerne en e-post eller bruk skjemaet &#8211; s\u00e5 ligger du i v\u00e5r database n\u00e5r vi trenger nye medarbeidere.<\/p>\n<p>Hos FEcreate f\u00e5r du<\/p>\n<ul>\n<li>stor frihet i varierte utfordringer<\/li>\n<li>fokus p\u00e5 mekatronikk, (kraft)elektronikk og programmering<\/li>\n<li>et kreativt milj\u00f8 hvor pr\u00f8ving og feiling er lov<\/li>\n<li>samarbeidsmuligheter med teknologiselskaper rundt om i verden<\/li>\n<li>bli en del av \u00e5 skape et nytt teknologiselskap<\/li>\n<li>utviklingsmuligheter og p\u00e5virkningskraft<\/li>\n<\/ul>\n<p>[\/et_pb_text][et_pb_text _builder_version=&raquo;3.0.106&#8243; background_size=&raquo;initial&raquo; background_position=&raquo;top_left&raquo; background_repeat=&raquo;repeat&raquo; use_border_color=&raquo;off&raquo;]Sp\u00f8rsm\u00e5l? Ta gjerne <a href=\"https:\/\/fecreate.com\/no\/kontakt\/\">kontakt<\/a><br \/>\n[\/et_pb_text][\/et_pb_column][et_pb_column type=&raquo;2_3&#8243; _builder_version=&raquo;3.0.47&#8243; parallax=&raquo;off&raquo; parallax_method=&raquo;on&raquo;][et_pb_text admin_label=&raquo;Send oss din CV&raquo; _builder_version=&raquo;3.0.106&#8243; background_size=&raquo;initial&raquo; background_position=&raquo;top_left&raquo; background_repeat=&raquo;repeat&raquo; use_border_color=&raquo;off&raquo;]<\/p>\n<h2>Send oss din CV<\/h2>\n<p>[\/et_pb_text][et_pb_code admin_label=&raquo;GravityForm&raquo; _builder_version=&raquo;3.0.106&#8243;]\n                <div class='gf_browser_gecko gform_wrapper' id='gform_wrapper_2' ><form method='post' enctype='multipart\/form-data'  id='gform_2'  action='\/no\/wp-json\/wp\/v2\/pages\/456'>\n                        <div class='gform_body'><ul id='gform_fields_2' class='gform_fields top_label form_sublabel_below description_below'><li id='field_2_1'  class='gfield gfield_contains_required field_sublabel_below field_description_below gfield_visibility_visible' ><label class='gfield_label gfield_label_before_complex' for='input_2_1_3' >Navn<span class='gfield_required'>*<\/span><\/label><div class='ginput_complex ginput_container no_prefix has_first_name no_middle_name has_last_name no_suffix gf_name_has_2 ginput_container_name gfield_trigger_change' id='input_2_1'>\n                            \n                            <span id='input_2_1_3_container' class='name_first' >\n                                                    <input type='text' name='input_1.3' id='input_2_1_3' value='' aria-label='Fornavn'   aria-required=\"true\" aria-invalid=\"false\" \/>\n                                                    <label for='input_2_1_3' >Fornavn<\/label>\n                                                <\/span>\n                            \n                            <span id='input_2_1_6_container' class='name_last' >\n                                                    <input type='text' name='input_1.6' id='input_2_1_6' value='' aria-label='Etternavn'   aria-required=\"true\" aria-invalid=\"false\" \/>\n                                                    <label for='input_2_1_6' >Etternavn<\/label>\n                                                <\/span>\n                            \n                        <\/div><\/li><li id='field_2_8'  class='gfield field_sublabel_below field_description_below gfield_visibility_visible' ><label class='gfield_label gfield_label_before_complex' for='input_2_8_1' >Adresse<\/label>    \n                    <div class='ginput_complex ginput_container has_street has_street2 has_city has_zip ginput_container_address gfield_trigger_change' id='input_2_8' >\n                         <span class='ginput_full address_line_1' id='input_2_8_1_container' >\n                                        <input type='text' name='input_8.1' id='input_2_8_1' value=''   \/>\n                                        <label for='input_2_8_1' id='input_2_8_1_label' >Gateadresse<\/label>\n                                    <\/span><span class='ginput_full address_line_2' id='input_2_8_2_container' >\n                                        <input type='text' name='input_8.2' id='input_2_8_2' value=''   \/>\n                                        <label for='input_2_8_2' id='input_2_8_2_label' >Gateadresse 2<\/label>\n                                    <\/span><span class='ginput_left address_city' id='input_2_8_3_container' >\n                                    <input type='text' name='input_8.3' id='input_2_8_3' value=''   \/>\n                                    <label for='input_2_8_3' id='input_2_8_3_label' >Poststed<\/label>\n                                 <\/span><input type='hidden' class='gform_hidden' name='input_8.4' id='input_2_8_4' value=''\/><span class='ginput_right address_zip' id='input_2_8_5_container' >\n                                    <input type='text' name='input_8.5' id='input_2_8_5' value=''   \/>\n                                    <label for='input_2_8_5' id='input_2_8_5_label' >Postnummer<\/label>\n                                <\/span><input type='hidden' class='gform_hidden' name='input_8.6' id='input_2_8_6' value=''\/>\n                    <div class='gf_clear gf_clear_complex'><\/div>\n                <\/div><\/li><li id='field_2_2'  class='gfield gf_left_half gfield_contains_required field_sublabel_below field_description_below gfield_visibility_visible' ><label class='gfield_label' for='input_2_2' >E-post<span class='gfield_required'>*<\/span><\/label><div class='ginput_container ginput_container_email'>\n                            <input name='input_2' id='input_2_2' type='text' value='' class='medium'     aria-required=\"true\" aria-invalid=\"false\"\/>\n                        <\/div><\/li><li id='field_2_5'  class='gfield gf_right_half gfield_contains_required field_sublabel_below field_description_below gfield_visibility_visible' ><label class='gfield_label' for='input_2_5' >Telefon<span class='gfield_required'>*<\/span><\/label><div class='ginput_container ginput_container_phone'><input name='input_5' id='input_2_5' type='text' value='' class='medium'    aria-required=\"true\" aria-invalid=\"false\" \/><\/div><\/li><li id='field_2_6'  class='gfield field_sublabel_below field_description_above gfield_visibility_visible' ><label class='gfield_label'  >Vedlegg<\/label><div class='gfield_description'>CV og annen relevant dokumentasjon (krav til .PDF fil)<\/div><div class='ginput_container ginput_container_fileupload'><div id='gform_multifile_upload_2_6' data-settings='{&quot;runtimes&quot;:&quot;html5,flash,html4&quot;,&quot;browse_button&quot;:&quot;gform_browse_button_2_6&quot;,&quot;container&quot;:&quot;gform_multifile_upload_2_6&quot;,&quot;drop_element&quot;:&quot;gform_drag_drop_area_2_6&quot;,&quot;filelist&quot;:&quot;gform_preview_2_6&quot;,&quot;unique_names&quot;:true,&quot;file_data_name&quot;:&quot;file&quot;,&quot;url&quot;:&quot;https:\\\/\\\/fecreate.com\\\/?gf_page=d9621dda495200b&quot;,&quot;flash_swf_url&quot;:&quot;https:\\\/\\\/fecreate.com\\\/wp-includes\\\/js\\\/plupload\\\/plupload.flash.swf&quot;,&quot;silverlight_xap_url&quot;:&quot;https:\\\/\\\/fecreate.com\\\/wp-includes\\\/js\\\/plupload\\\/plupload.silverlight.xap&quot;,&quot;filters&quot;:{&quot;mime_types&quot;:[{&quot;title&quot;:&quot;Tillatte filer&quot;,&quot;extensions&quot;:&quot;pdf&quot;}],&quot;max_file_size&quot;:&quot;157286400b&quot;},&quot;multipart&quot;:true,&quot;urlstream_upload&quot;:false,&quot;multipart_params&quot;:{&quot;form_id&quot;:2,&quot;field_id&quot;:6},&quot;gf_vars&quot;:{&quot;max_files&quot;:0,&quot;message_id&quot;:&quot;gform_multifile_messages_2_6&quot;,&quot;disallowed_extensions&quot;:[&quot;php&quot;,&quot;asp&quot;,&quot;aspx&quot;,&quot;cmd&quot;,&quot;csh&quot;,&quot;bat&quot;,&quot;html&quot;,&quot;htm&quot;,&quot;hta&quot;,&quot;jar&quot;,&quot;exe&quot;,&quot;com&quot;,&quot;js&quot;,&quot;lnk&quot;,&quot;htaccess&quot;,&quot;phtml&quot;,&quot;ps1&quot;,&quot;ps2&quot;,&quot;php3&quot;,&quot;php4&quot;,&quot;php5&quot;,&quot;php6&quot;,&quot;py&quot;,&quot;rb&quot;,&quot;tmp&quot;]}}' class='gform_fileupload_multifile'>\n\t\t\t\t\t\t\t\t\t\t<div id='gform_drag_drop_area_2_6' class='gform_drop_area'>\n\t\t\t\t\t\t\t\t\t\t\t<span class='gform_drop_instructions'>Dra og slipp filer her, eller <\/span>\n\t\t\t\t\t\t\t\t\t\t\t<input id='gform_browse_button_2_6' type='button' value='Velg filer' class='button gform_button_select_files' aria-describedby='extensions_message_2_6'  \/>\n\t\t\t\t\t\t\t\t\t\t<\/div>\n\t\t\t\t\t\t\t\t\t<\/div><span id='extensions_message_2_6' class='screen-reader-text'>Godkjente filtyper: pdf.<\/span><div class='validation_message'>\n\t\t\t\t\t\t\t\t<ul id='gform_multifile_messages_2_6'>\n\t\t\t\t\t\t\t\t<\/ul>\n\t\t\t\t\t\t\t<\/div><\/div><div id='gform_preview_2_6'><\/div><\/li><li id='field_2_7'  class='gfield field_sublabel_below field_description_below gfield_visibility_visible' ><label class='gfield_label' for='input_2_7' >Kommentarer<\/label><div class='ginput_container ginput_container_textarea'><textarea name='input_7' id='input_2_7' class='textarea small'     aria-invalid=\"false\"   rows='10' cols='50'><\/textarea><\/div><\/li><li id='field_2_9'  class='gfield field_sublabel_below field_description_below gfield_visibility_visible' ><label class='gfield_label' for='input_2_9' >Antispam sjekk<\/label><div id='input_2_9' class='ginput_container ginput_recaptcha' data-sitekey='6LdEVCQUAAAAAPtGkTWozFHj8gwiIlqW6FJ3JHTT'  data-theme='light' data-tabindex='0'><\/div><\/li>\n                            <\/ul><\/div>\n        <div class='gform_footer top_label'> <input type='submit' id='gform_submit_button_2' class='gform_button button' value='Send inn' tabindex='1' onclick='if(window[\"gf_submitting_2\"]){return false;}  window[\"gf_submitting_2\"]=true;  ' onkeypress='if( event.keyCode == 13 ){ if(window[\"gf_submitting_2\"]){return false;} window[\"gf_submitting_2\"]=true;  jQuery(\"#gform_2\").trigger(\"submit\",[true]); }' \/> \n            <input type='hidden' class='gform_hidden' name='is_submit_2' value='1' \/>\n            <input type='hidden' class='gform_hidden' name='gform_submit' value='2' \/>\n            \n            <input type='hidden' class='gform_hidden' name='gform_unique_id' value='' \/>\n            <input type='hidden' class='gform_hidden' name='state_2' value='WyJbXSIsIjE3MzhjNjA0Y2EwYWQ3MzIzYzkyODE3MGUzNTA5ZjlhIl0=' \/>\n            <input type='hidden' class='gform_hidden' name='gform_target_page_number_2' id='gform_target_page_number_2' value='0' \/>\n            <input type='hidden' class='gform_hidden' name='gform_source_page_number_2' id='gform_source_page_number_2' value='1' \/>\n            <input type='hidden' name='gform_field_values' value='' \/>\n            <input type='hidden' name='gform_uploaded_files' id='gform_uploaded_files_2' value='' \/>\n        <\/div>\n                        <\/form>\n                        <\/div><script type='text\/javascript'> if(typeof gf_global == 'undefined') var gf_global = {\"gf_currency_config\":{\"name\":\"Amerikansk dollar\",\"symbol_left\":\"$\",\"symbol_right\":\"\",\"symbol_padding\":\"\",\"thousand_separator\":\",\",\"decimal_separator\":\".\",\"decimals\":2},\"base_url\":\"https:\\\/\\\/fecreate.com\\\/wp-content\\\/plugins\\\/gravityforms\",\"number_formats\":[],\"spinnerUrl\":\"https:\\\/\\\/fecreate.com\\\/wp-content\\\/plugins\\\/gravityforms\\\/images\\\/spinner.gif\"};jQuery(document).bind('gform_post_render', function(event, formId, currentPage){if(formId == 2) {} } );jQuery(document).bind('gform_post_conditional_logic', function(event, formId, fields, isInit){} );<\/script><script type='text\/javascript'> jQuery(document).ready(function(){jQuery(document).trigger('gform_post_render', [2, 1]) } ); <\/script>[\/et_pb_code][\/et_pb_column][\/et_pb_row][\/et_pb_section]<\/p>\n","protected":false},"excerpt":{"rendered":"<p>KARRIERE I FEcreate Vi er alltid p\u00e5 jakt etter den beste kompetansen og de flinkeste menneskene for \u00e5 skape innovasjon i prosjektene. Hvis du synes det vi holder p\u00e5 med er interessant &#8211; og tror du kan bidra, send oss gjerne en e-post eller bruk skjemaet &#8211; s\u00e5 ligger du i v\u00e5r database n\u00e5r vi [&hellip;]<\/p>\n","protected":false},"author":1,"featured_media":0,"parent":443,"menu_order":0,"comment_status":"closed","ping_status":"closed","template":"","meta":{"_et_pb_use_builder":"on","_et_pb_old_content":"","_et_gb_content_width":"","footnotes":""},"_links":{"self":[{"href":"https:\/\/fecreate.com\/no\/wp-json\/wp\/v2\/pages\/456"}],"collection":[{"href":"https:\/\/fecreate.com\/no\/wp-json\/wp\/v2\/pages"}],"about":[{"href":"https:\/\/fecreate.com\/no\/wp-json\/wp\/v2\/types\/page"}],"author":[{"embeddable":true,"href":"https:\/\/fecreate.com\/no\/wp-json\/wp\/v2\/users\/1"}],"replies":[{"embeddable":true,"href":"https:\/\/fecreate.com\/no\/wp-json\/wp\/v2\/comments?post=456"}],"version-history":[{"count":7,"href":"https:\/\/fecreate.com\/no\/wp-json\/wp\/v2\/pages\/456\/revisions"}],"predecessor-version":[{"id":515,"href":"https:\/\/fecreate.com\/no\/wp-json\/wp\/v2\/pages\/456\/revisions\/515"}],"up":[{"embeddable":true,"href":"https:\/\/fecreate.com\/no\/wp-json\/wp\/v2\/pages\/443"}],"wp:attachment":[{"href":"https:\/\/fecreate.com\/no\/wp-json\/wp\/v2\/media?parent=456"}],"curies":[{"name":"wp","href":"https:\/\/api.w.org\/{rel}","templated":true}]}}