{"id":446,"date":"2017-05-23T09:36:33","date_gmt":"2017-05-23T07:36:33","guid":{"rendered":"https:\/\/fecreate.com\/about\/"},"modified":"2018-06-08T10:57:22","modified_gmt":"2018-06-08T08:57:22","slug":"om","status":"publish","type":"page","link":"https:\/\/fecreate.com\/no\/om\/","title":{"rendered":"Om FEcreate"},"content":{"rendered":"<p>[et_pb_section bb_built=&raquo;1&#8243; fullwidth=&raquo;on&raquo; _builder_version=&raquo;3.0.47&#8243; next_background_color=&raquo;#000000&#8243;][et_pb_fullwidth_image src=&raquo;https:\/\/fecreate.com\/wp-content\/uploads\/2017\/05\/staircase-sagrada.jpg&raquo; _builder_version=&raquo;3.0.47&#8243; animation_style=&raquo;slide&raquo; animation_direction=&raquo;left&raquo; animation_duration=&raquo;500ms&raquo; animation_intensity_slide=&raquo;10%&raquo; use_border_color=&raquo;off&raquo; border_color=&raquo;#ffffff&raquo; border_style=&raquo;solid&raquo; animation=&raquo;left&raquo; \/][\/et_pb_section][et_pb_section bb_built=&raquo;1&#8243; _builder_version=&raquo;3.0.47&#8243; custom_padding=&raquo;||0px|&raquo; transparent_background=&raquo;off&raquo; prev_background_color=&raquo;#ffffff&raquo; next_background_color=&raquo;#ffffff&raquo;][et_pb_row _builder_version=&raquo;3.0.47&#8243; background_size=&raquo;initial&raquo; background_position=&raquo;top_left&raquo; background_repeat=&raquo;repeat&raquo;][et_pb_column type=&raquo;4_4&#8243;][et_pb_text admin_label=&raquo;OM FECREATE&raquo; _builder_version=&raquo;3.0.106&#8243; background_size=&raquo;initial&raquo; background_position=&raquo;top_left&raquo; background_repeat=&raquo;repeat&raquo; use_border_color=&raquo;off&raquo;]<\/p>\n<h1><strong>OM FECREATE<\/strong><\/h1>\n<p>[\/et_pb_text][et_pb_text admin_label=&raquo;Header&raquo; _builder_version=&raquo;3.0.106&#8243; background_size=&raquo;initial&raquo; background_position=&raquo;top_left&raquo; background_repeat=&raquo;repeat&raquo; use_border_color=&raquo;off&raquo;]<\/p>\n<h2>Et nytt og nyskapende forsknings- og utviklingsmilj\u00f8 blir f\u00f8dt n\u00e5<\/h2>\n<p>[\/et_pb_text][et_pb_text _builder_version=&raquo;3.0.106&#8243; background_size=&raquo;initial&raquo; background_position=&raquo;top_left&raquo; background_repeat=&raquo;repeat&raquo; text_orientation=&raquo;justified&raquo; use_border_color=&raquo;off&raquo;]<\/p>\n<p>I januar 2015 begynte Flekkefjord Elektro \u00e5 se et stort potensiale for en ny generasjon vinsjteknologi. Vi kontaktet Innovasjon Norge og Forskningsr\u00e5det, som igjen ledet oss til VRI-Agder. Gjennom kompetansemegling satte VRI-Agder oss i kontakt med Semcon Devotek i Kongsberg. Sammen med dem gjorde vi et forstudie hvor vi konkluderte med at det er gjennomf\u00f8rbart \u00e5 revolusjonere vinsjteknologien ved \u00e5 skape en ny elektrisk vinsj med ultrakompakt drivlinje for krevende dynamikk. En innovativ vinsj hvor hele vinsjsystemet er integrert i vinsjtrommelen. Forstudiet ble finansiert med hjelp av VRI-Agder og SkatteFUNN.<\/p>\n<p>Vi etablerte videre et samarbeid med Universitetet i Agder, og lagde et FoU-prosjekt i kombinasjon med et kompetansehevingsprosjekt. FoU-prosjektet, \u00abElektrisk vinsj med ultrakompakt drivlinje for krevende dynamikk\u00bb, gjennomf\u00f8res\u00a0med st\u00f8tte fra Regionalt Forskingsfond Agder. Kompetansehevingsprosjektet er st\u00f8ttet av S\u00f8rlandets Kompetansefond gjennom prosjektet \u00abKompetansehevning og nytt FOU-milj\u00f8 basert p\u00e5 ny vinsjteknologi\u00bb. Med denne st\u00f8tten, samt SkatteFUNN, har vi finansiert utviklingen av nyskapende vinsjteknologi og skapt et nytt forsknings- og utviklingsmilj\u00f8 i Listerregionen \u2013 FEcreate.<\/p>\n<p>[\/et_pb_text][\/et_pb_column][\/et_pb_row][\/et_pb_section][et_pb_section bb_built=&raquo;1&#8243; _builder_version=&raquo;3.0.47&#8243; custom_padding=&raquo;||0px|&raquo; transparent_background=&raquo;off&raquo; prev_background_color=&raquo;#ffffff&raquo; next_background_color=&raquo;#ffffff&raquo;][et_pb_row custom_padding=&raquo;||0px|&raquo; custom_margin=&raquo;||0px|&raquo; parallax_method_1=&raquo;off&raquo; _builder_version=&raquo;3.0.47&#8243; background_size=&raquo;initial&raquo; background_position=&raquo;top_left&raquo; background_repeat=&raquo;repeat&raquo;][et_pb_column type=&raquo;4_4&#8243;][et_pb_text admin_label=&raquo;Iversen Holding Header&raquo; _builder_version=&raquo;3.0.106&#8243; background_size=&raquo;initial&raquo; background_position=&raquo;top_left&raquo; background_repeat=&raquo;repeat&raquo; use_border_color=&raquo;off&raquo;]<\/p>\n<h2>Om Iversen Holding<\/h2>\n<p>[\/et_pb_text][\/et_pb_column][\/et_pb_row][\/et_pb_section][et_pb_section bb_built=&raquo;1&#8243; specialty=&raquo;on&raquo; _builder_version=&raquo;3.0.47&#8243; prev_background_color=&raquo;#000000&#8243; next_background_color=&raquo;#000000&#8243;][et_pb_column type=&raquo;1_4&#8243;][et_pb_image admin_label=&raquo;Bilde: Iversen&raquo; src=&raquo;https:\/\/fecreate.com\/wp-content\/uploads\/2017\/05\/iversen.jpg&raquo; _builder_version=&raquo;3.0.47&#8243; animation_style=&raquo;slide&raquo; animation_direction=&raquo;left&raquo; animation_duration=&raquo;500ms&raquo; animation_intensity_slide=&raquo;10%&raquo; use_border_color=&raquo;off&raquo; border_color=&raquo;#ffffff&raquo; border_style=&raquo;solid&raquo; animation=&raquo;left&raquo; sticky=&raquo;off&raquo; show_bottom_space=&raquo;on&raquo; \/][et_pb_text _builder_version=&raquo;3.0.106&#8243; background_size=&raquo;initial&raquo; background_position=&raquo;top_left&raquo; background_repeat=&raquo;repeat&raquo; use_border_color=&raquo;off&raquo;]<\/p>\n<p>\u00d8yvind B\u00f8ckman Iversen, bedriftseier<br \/>\nIversen Holding AS<\/p>\n<p>[\/et_pb_text][\/et_pb_column][et_pb_column type=&raquo;3_4&#8243; specialty_columns=&raquo;3&#8243;][et_pb_row_inner admin_label=&raquo;Row&raquo; _builder_version=&raquo;3.0.47&#8243; background_size=&raquo;initial&raquo; background_position=&raquo;top_left&raquo; background_repeat=&raquo;repeat&raquo;][et_pb_column_inner type=&raquo;4_4&#8243; saved_specialty_column_type=&raquo;3_4&#8243;][et_pb_text _builder_version=&raquo;3.0.106&#8243; background_size=&raquo;initial&raquo; background_position=&raquo;top_left&raquo; background_repeat=&raquo;repeat&raquo; use_border_color=&raquo;off&raquo; background_layout=&raquo;light&raquo;]<\/p>\n<p>Flekkefjord Elektro AS er 100% eid av Iversen Holding AS. Iversen Holding AS er 100% eid av \u00d8yvind B. Iversen.<\/p>\n<p>Flekkefjord Elektro AS er prosjekteier og har bred kompetanse p\u00e5 skipsbygging. Flere ingeni\u00f8rer bidrar i prosjektet med sin ekspertise innen skipsbygging. De har lang erfaring med vinsjsystemer for skip og ser et stort forbedringspotensiale i implementering av den nye teknologien som FEcreate utvikler.<\/p>\n<p>[\/et_pb_text][\/et_pb_column_inner][\/et_pb_row_inner][et_pb_row_inner admin_label=&raquo;Row&raquo; _builder_version=&raquo;3.0.47&#8243; background_size=&raquo;initial&raquo; background_position=&raquo;top_left&raquo; background_repeat=&raquo;repeat&raquo;][et_pb_column_inner type=&raquo;1_3&#8243; saved_specialty_column_type=&raquo;3_4&#8243;][et_pb_image admin_label=&raquo;Felektro&raquo; src=&raquo;https:\/\/fecreate.com\/wp-content\/uploads\/2017\/05\/fl.jpg&raquo; url=&raquo;http:\/\/felektro.no\/&raquo; url_new_window=&raquo;on&raquo; _builder_version=&raquo;3.0.47&#8243; animation_style=&raquo;slide&raquo; animation_direction=&raquo;left&raquo; animation_duration=&raquo;500ms&raquo; animation_intensity_slide=&raquo;10%&raquo; use_border_color=&raquo;off&raquo; border_color=&raquo;#ffffff&raquo; border_style=&raquo;solid&raquo; animation=&raquo;left&raquo; sticky=&raquo;off&raquo; \/][\/et_pb_column_inner][et_pb_column_inner type=&raquo;1_3&#8243; saved_specialty_column_type=&raquo;3_4&#8243;][\/et_pb_column_inner][et_pb_column_inner type=&raquo;1_3&#8243; saved_specialty_column_type=&raquo;3_4&#8243;][\/et_pb_column_inner][\/et_pb_row_inner][\/et_pb_column][\/et_pb_section][et_pb_section bb_built=&raquo;1&#8243; _builder_version=&raquo;3.0.47&#8243; prev_background_color=&raquo;#000000&#8243; next_background_color=&raquo;#000000&#8243;][et_pb_row custom_padding=&raquo;0px|||&raquo; custom_margin=&raquo;0px|||&raquo; parallax_method_1=&raquo;off&raquo; _builder_version=&raquo;3.0.47&#8243; background_size=&raquo;initial&raquo; background_position=&raquo;top_left&raquo; background_repeat=&raquo;repeat&raquo;][et_pb_column type=&raquo;4_4&#8243;][et_pb_text admin_label=&raquo;R&amp;D header&raquo; _builder_version=&raquo;3.0.106&#8243; background_size=&raquo;initial&raquo; background_position=&raquo;top_left&raquo; background_repeat=&raquo;repeat&raquo; use_border_color=&raquo;off&raquo;]<\/p>\n<h2>FoU partnere og leverand\u00f8rer<\/h2>\n<p>[\/et_pb_text][\/et_pb_column][\/et_pb_row][et_pb_row _builder_version=&raquo;3.0.47&#8243; background_size=&raquo;initial&raquo; background_position=&raquo;top_left&raquo; background_repeat=&raquo;repeat&raquo;][et_pb_column type=&raquo;1_4&#8243;][et_pb_image admin_label=&raquo;UiA&raquo; src=&raquo;https:\/\/fecreate.com\/wp-content\/uploads\/2017\/05\/uia-e1504081018182.jpg&raquo; url=&raquo;http:\/\/www.uia.no\/en&raquo; url_new_window=&raquo;on&raquo; _builder_version=&raquo;3.0.47&#8243; animation_style=&raquo;slide&raquo; animation_direction=&raquo;left&raquo; animation_duration=&raquo;500ms&raquo; animation_intensity_slide=&raquo;10%&raquo; use_border_color=&raquo;off&raquo; border_color=&raquo;#ffffff&raquo; border_style=&raquo;solid&raquo; animation=&raquo;left&raquo; sticky=&raquo;off&raquo; show_bottom_space=&raquo;on&raquo; \/][\/et_pb_column][et_pb_column type=&raquo;3_4&#8243;][et_pb_text _builder_version=&raquo;3.0.106&#8243; background_size=&raquo;initial&raquo; background_position=&raquo;top_left&raquo; background_repeat=&raquo;repeat&raquo; use_border_color=&raquo;off&raquo;]<\/p>\n<p>V\u00e5r akademiske partner er Universitetet i Agder (UiA). UiA har i mange \u00e5r v\u00e6rt Norges fremste utdanningsinstitusjon innen mekatronikk og har stor interesse av \u00e5 delta og bidra i v\u00e5re prosjekt. Ifm. testing vil vi bruke fasilitetene ved Mechatronics Innovation Lab (MIL) i Grimstad. MIL har en egen \u00abHigh Force Lab\u00bb som gir et ideelt test- og simuleringsmilj\u00f8 for ulike scenarioer i v\u00e5re prosjekt. F\u00f8rsteamanuensis Martin Marie Hubert Choux bidrar med sin ekspertise innen mekatronikk. F\u00f8rsteamanuensis van Khang Huynh bidrar med sin ekspertise innen kraftelektronikk og elektromotorer.<\/p>\n<p>[\/et_pb_text][\/et_pb_column][\/et_pb_row][et_pb_row _builder_version=&raquo;3.0.47&#8243; background_size=&raquo;initial&raquo; background_position=&raquo;top_left&raquo; background_repeat=&raquo;repeat&raquo;][et_pb_column type=&raquo;1_4&#8243;][et_pb_image admin_label=&raquo;Devotek&raquo; src=&raquo;https:\/\/fecreate.com\/wp-content\/uploads\/2017\/05\/decotek-e1504081078910.jpg&raquo; url=&raquo;https:\/\/semcon.com\/&raquo; url_new_window=&raquo;on&raquo; _builder_version=&raquo;3.0.47&#8243; animation_style=&raquo;slide&raquo; animation_direction=&raquo;left&raquo; animation_duration=&raquo;500ms&raquo; animation_intensity_slide=&raquo;10%&raquo; use_border_color=&raquo;off&raquo; border_color=&raquo;#ffffff&raquo; border_style=&raquo;solid&raquo; animation=&raquo;left&raquo; sticky=&raquo;off&raquo; show_bottom_space=&raquo;on&raquo; \/][\/et_pb_column][et_pb_column type=&raquo;3_4&#8243;][et_pb_text _builder_version=&raquo;3.0.106&#8243; background_size=&raquo;initial&raquo; background_position=&raquo;top_left&raquo; background_repeat=&raquo;repeat&raquo; use_border_color=&raquo;off&raquo;]<\/p>\n<p>Semcon Devotek har lang erfaring innen moderne teknologi i elektromotorer, kontrollsystemer for motorer, girsystemer og vinsjer. Selskapet har med suksess gjennomf\u00f8rt mange nasjonale og internasjonale prosjekter innenfor dette, samt jobbet med sikkerhetsutfordringer og komplekse sanntids-systemer innenfor b\u00e5de automotive-, offshore-, forsvars- og skipsbransje.<\/p>\n<p>[\/et_pb_text][\/et_pb_column][\/et_pb_row][et_pb_row _builder_version=&raquo;3.0.47&#8243; background_size=&raquo;initial&raquo; background_position=&raquo;top_left&raquo; background_repeat=&raquo;repeat&raquo;][et_pb_column type=&raquo;1_4&#8243;][et_pb_image admin_label=&raquo;Katsa&raquo; src=&raquo;https:\/\/fecreate.com\/wp-content\/uploads\/2017\/05\/katsa2.jpg&raquo; url=&raquo;https:\/\/www.katsa.fi\/en\/&raquo; url_new_window=&raquo;on&raquo; _builder_version=&raquo;3.0.47&#8243; animation_style=&raquo;slide&raquo; animation_direction=&raquo;left&raquo; animation_duration=&raquo;500ms&raquo; animation_intensity_slide=&raquo;10%&raquo; use_border_color=&raquo;off&raquo; border_color=&raquo;#ffffff&raquo; border_style=&raquo;solid&raquo; animation=&raquo;left&raquo; sticky=&raquo;off&raquo; show_bottom_space=&raquo;on&raquo; \/][\/et_pb_column][et_pb_column type=&raquo;3_4&#8243;][et_pb_text _builder_version=&raquo;3.0.106&#8243; background_size=&raquo;initial&raquo; background_position=&raquo;top_left&raquo; background_repeat=&raquo;repeat&raquo; use_border_color=&raquo;off&raquo;]<\/p>\n<p>Katsa Oy i Tampere, Finland, er en h\u00f8yteknologisk, innovativ og fleksibel girfabrikk. De er v\u00e5r leverand\u00f8r og konsulent for girl\u00f8sninger i v\u00e5rt prosjekt. Katsa utvikler skreddersydde girl\u00f8sninger til krevende kunder og er velkjent for \u00e5 tilby det ypperste innen teknologi.<\/p>\n<p>[\/et_pb_text][\/et_pb_column][\/et_pb_row][et_pb_row _builder_version=&raquo;3.0.47&#8243; background_size=&raquo;initial&raquo; background_position=&raquo;top_left&raquo; background_repeat=&raquo;repeat&raquo;][et_pb_column type=&raquo;1_4&#8243;][et_pb_image admin_label=&raquo;Combimac&raquo; src=&raquo;https:\/\/fecreate.com\/wp-content\/uploads\/2017\/05\/combimac.jpg&raquo; url=&raquo;http:\/\/www.combimac.com\/&raquo; url_new_window=&raquo;on&raquo; _builder_version=&raquo;3.0.47&#8243; animation_style=&raquo;slide&raquo; animation_direction=&raquo;left&raquo; animation_duration=&raquo;500ms&raquo; animation_intensity_slide=&raquo;10%&raquo; use_border_color=&raquo;off&raquo; border_color=&raquo;#ffffff&raquo; border_style=&raquo;solid&raquo; animation=&raquo;left&raquo; sticky=&raquo;off&raquo; show_bottom_space=&raquo;on&raquo; \/][\/et_pb_column][et_pb_column type=&raquo;3_4&#8243;][et_pb_text _builder_version=&raquo;3.0.106&#8243; background_size=&raquo;initial&raquo; background_position=&raquo;top_left&raquo; background_repeat=&raquo;repeat&raquo; use_border_color=&raquo;off&raquo;]<\/p>\n<p>Combimac B.V. i Emmen, Nederland, er v\u00e5r leverand\u00f8r av\u00a0kompakte og robuste permanentmagnet-synkronmotorer og har spesialkompetanse innenfor dette i prosjektet.<\/p>\n<p>[\/et_pb_text][\/et_pb_column][\/et_pb_row][\/et_pb_section][et_pb_section bb_built=&raquo;1&#8243; make_fullwidth=&raquo;on&raquo; _builder_version=&raquo;3.0.47&#8243; custom_padding=&raquo;||0px|&raquo; transparent_background=&raquo;off&raquo; prev_background_color=&raquo;#ffffff&raquo; next_background_color=&raquo;#000000&#8243;][et_pb_row use_custom_width=&raquo;on&raquo; width_unit=&raquo;off&raquo; custom_width_percent=&raquo;100%&raquo; custom_margin=&raquo;|0px||0px&raquo; make_equal=&raquo;on&raquo; background_color=&raquo;#000000&#8243; parallax_method_1=&raquo;off&raquo; parallax_method_2=&raquo;off&raquo; _builder_version=&raquo;3.0.47&#8243; background_size=&raquo;initial&raquo; background_position=&raquo;top_left&raquo; background_repeat=&raquo;repeat&raquo; custom_css_main_element=&raquo;width:100% !important;&raquo;][et_pb_column type=&raquo;1_3&#8243;][et_pb_text admin_label=&raquo;Region&raquo; background_layout=&raquo;dark&raquo; _builder_version=&raquo;3.0.106&#8243; text_line_height=&raquo;1.9em&raquo; background_size=&raquo;initial&raquo; background_position=&raquo;top_left&raquo; background_repeat=&raquo;repeat&raquo; custom_padding=&raquo;100px|50px||100px&raquo; use_border_color=&raquo;off&raquo;]<\/p>\n<h2>Vi holder til i Listerregionen \u2013 S\u00f8r-Norge. Regionen har ca. 35000 innbyggere og er senter for vannkraftverk i Norge \u2013 p\u00e5 kanten av Norges kystlinje mot Europa. V\u00e5rt kontor ligger i byen Flekkefjord, en liten og koselig by, med nydelige s\u00f8rlandske somre og ekte vintre \u2013 midt mellom byene Stavanger og Kristiansand.<\/h2>\n<p>[\/et_pb_text][\/et_pb_column][et_pb_column type=&raquo;2_3&#8243;][et_pb_image src=&raquo;https:\/\/fecreate.com\/wp-content\/uploads\/2017\/05\/region2.jpg&raquo; _builder_version=&raquo;3.0.47&#8243; animation_style=&raquo;slide&raquo; animation_direction=&raquo;left&raquo; animation_duration=&raquo;500ms&raquo; animation_intensity_slide=&raquo;10%&raquo; use_border_color=&raquo;off&raquo; border_color=&raquo;#ffffff&raquo; border_style=&raquo;solid&raquo; animation=&raquo;left&raquo; sticky=&raquo;off&raquo; show_bottom_space=&raquo;on&raquo; \/][\/et_pb_column][\/et_pb_row][\/et_pb_section][et_pb_section bb_built=&raquo;1&#8243; background_color=&raquo;#000000&#8243; _builder_version=&raquo;3.0.47&#8243; transparent_background=&raquo;off&raquo; prev_background_color=&raquo;#ffffff&raquo;][et_pb_row _builder_version=&raquo;3.0.47&#8243; background_size=&raquo;initial&raquo; background_position=&raquo;top_left&raquo; background_repeat=&raquo;repeat&raquo;][et_pb_column type=&raquo;4_4&#8243;][et_pb_button button_url=&raquo;https:\/\/fecreate.com\/no\/fou\/&raquo; button_text=&raquo;L\u00e6r mer om v\u00e5rt forsknings- og utviklingsarbeid&raquo; button_alignment=&raquo;center&raquo; background_layout=&raquo;dark&raquo; _builder_version=&raquo;3.0.106&#8243; url_new_window=&raquo;off&raquo; custom_button=&raquo;off&raquo; button_icon_placement=&raquo;right&raquo; \/][\/et_pb_column][\/et_pb_row][\/et_pb_section]<\/p>\n","protected":false},"excerpt":{"rendered":"<p>OM FECREATE Et nytt og nyskapende forsknings- og utviklingsmilj\u00f8 blir f\u00f8dt n\u00e5 I januar 2015 begynte Flekkefjord Elektro \u00e5 se et stort potensiale for en ny generasjon vinsjteknologi. Vi kontaktet Innovasjon Norge og Forskningsr\u00e5det, som igjen ledet oss til VRI-Agder. Gjennom kompetansemegling satte VRI-Agder oss i kontakt med Semcon Devotek i Kongsberg. Sammen med dem [&hellip;]<\/p>\n","protected":false},"author":1,"featured_media":0,"parent":0,"menu_order":0,"comment_status":"closed","ping_status":"closed","template":"","meta":{"_et_pb_use_builder":"on","_et_pb_old_content":"","_et_gb_content_width":"","footnotes":""},"_links":{"self":[{"href":"https:\/\/fecreate.com\/no\/wp-json\/wp\/v2\/pages\/446"}],"collection":[{"href":"https:\/\/fecreate.com\/no\/wp-json\/wp\/v2\/pages"}],"about":[{"href":"https:\/\/fecreate.com\/no\/wp-json\/wp\/v2\/types\/page"}],"author":[{"embeddable":true,"href":"https:\/\/fecreate.com\/no\/wp-json\/wp\/v2\/users\/1"}],"replies":[{"embeddable":true,"href":"https:\/\/fecreate.com\/no\/wp-json\/wp\/v2\/comments?post=446"}],"version-history":[{"count":16,"href":"https:\/\/fecreate.com\/no\/wp-json\/wp\/v2\/pages\/446\/revisions"}],"predecessor-version":[{"id":816,"href":"https:\/\/fecreate.com\/no\/wp-json\/wp\/v2\/pages\/446\/revisions\/816"}],"wp:attachment":[{"href":"https:\/\/fecreate.com\/no\/wp-json\/wp\/v2\/media?parent=446"}],"curies":[{"name":"wp","href":"https:\/\/api.w.org\/{rel}","templated":true}]}}